{"id":21033,"date":"2015-03-12T22:33:14","date_gmt":"2015-03-12T22:33:14","guid":{"rendered":"https:\/\/stns.ec\/new\/admissions\/"},"modified":"2025-02-24T20:53:21","modified_gmt":"2025-02-25T01:53:21","slug":"admisiones","status":"publish","type":"page","link":"https:\/\/stns.ec\/new\/admisiones\/","title":{"rendered":"Admisiones"},"content":{"rendered":"<div id=\"cs-content\" class=\"cs-content\"><div class=\"x-section e21033-e1 mg89-0 mg89-1\"><div class=\"x-row x-container max width e21033-e2 mg89-5 mg89-6 mg89-7 mg89-8 mg89-g mg89-h\"><div class=\"x-row-inner\"><div class=\"x-col e21033-e3 mg89-q mg89-r mg89-s\"><hr class=\"x-line e21033-e4 mg89-x\"\/><\/div><div class=\"x-col e21033-e5 mg89-q mg89-r mg89-s\"><div class=\"x-text x-text-headline e21033-e6 mg89-y mg89-z mg89-10 mg89-11 mg89-12 mg89-13 mg89-14 mg89-15\"><div class=\"x-text-content\"><div class=\"x-text-content-text\"><h1 class=\"x-text-content-text-primary\">Proceso de Admisi&oacute;n<strong class=\"period-yellow\">.<\/strong><\/h1>\n<\/div><\/div><\/div><\/div><div class=\"x-col e21033-e7 mg89-q mg89-r mg89-s\"><hr class=\"x-line e21033-e8 mg89-x\"\/><\/div><\/div><\/div><div class=\"x-row x-container max width e21033-e9 mg89-5 mg89-8 mg89-9 mg89-a mg89-b mg89-c mg89-i mg89-j\"><div class=\"x-row-inner\"><div class=\"x-col e21033-e10 mg89-q mg89-r mg89-s\"><div class=\"x-text x-content e21033-e11 mg89-1f mg89-1g mg89-1h\">Forma parte del Seminario Teol\u00f3gico Nazareno Sudamericano y prep\u00e1rate para un ministerio con impacto. Nuestros programas te ofrecen una educaci\u00f3n teol\u00f3gica s\u00f3lida y pr\u00e1ctica. \u00a1Inscr\u00edbete hoy y avanza en tu llamado!<\/div><\/div><\/div><\/div><div class=\"x-row e21033-e12 mg89-5 mg89-a mg89-d mg89-e mg89-k\"><div class=\"x-row-inner\"><div class=\"x-col e21033-e13 mg89-q mg89-r mg89-t mg89-u\"><div class=\"x-text x-text-headline has-graphic e21033-e14 mg89-y mg89-z mg89-12 mg89-14 mg89-15 mg89-16 mg89-17\"><div class=\"x-text-content\"><span class=\"x-graphic\" aria-hidden=\"true\"><i class=\"x-icon x-graphic-child x-graphic-icon x-graphic-primary\" aria-hidden=\"true\" data-x-icon-s=\"&#xe11c;\"><\/i><\/span><div class=\"x-text-content-text\"><h1 class=\"x-text-content-text-primary\">1 &ndash; Contacta al STNS<\/h1>\n<span class=\"x-text-content-text-subheadline\">Escr\u00edbenos a <a href=\"mailto:admisiones@stns.ec\">admisiones@stns.ec<\/a> o al WhatsApp <a href=\"tel: +593 98 326 6276\">+593 98 326 6276<\/a> para recibir informaci\u00f3n detallada.<\/span><\/div><\/div><\/div><a class=\"x-anchor x-anchor-button has-graphic e21033-e15 mg89-1j mg89-1k mg89-1l\" tabindex=\"0\" href=\"tel:+593 98 326 6276\"><div class=\"x-anchor-content\"><span class=\"x-graphic\" aria-hidden=\"true\"><i class=\"x-icon x-graphic-child x-graphic-icon x-graphic-primary\" aria-hidden=\"true\" data-x-icon-s=\"&#xf041;\"><\/i><\/span><div class=\"x-anchor-text\"><span class=\"x-anchor-text-primary\">Agenda una visita<\/span><\/div><\/div><\/a><\/div><div class=\"x-col e21033-e16 mg89-q mg89-r mg89-t mg89-u\"><div class=\"x-text x-text-headline has-graphic e21033-e17 mg89-y mg89-z mg89-12 mg89-14 mg89-15 mg89-16 mg89-17\"><div class=\"x-text-content\"><span class=\"x-graphic\" aria-hidden=\"true\"><i class=\"x-icon x-graphic-child x-graphic-icon x-graphic-primary\" aria-hidden=\"true\" data-x-icon-s=\"&#xf0e0;\"><\/i><\/span><div class=\"x-text-content-text\"><h1 class=\"x-text-content-text-primary\">2 &ndash; Env&iacute;a tu solicitud<\/h1>\n<span class=\"x-text-content-text-subheadline\">Completa el <strong data-start=\"4123\" data-end=\"4149\">formulario de admisi&oacute;n<\/strong> y env&iacute;alo junto con los documentos requeridos y las recomendaciones pastorales.<\/span><\/div><\/div><\/div><a class=\"x-anchor x-anchor-button has-graphic e21033-e18 mg89-1j mg89-1k mg89-1l\" tabindex=\"0\" href=\"https:\/\/drive.google.com\/file\/d\/1XapCIdZivosM4HUZ-bja3yQwc2JXVdEs\/view?usp=sharing\"><div class=\"x-anchor-content\"><span class=\"x-graphic\" aria-hidden=\"true\"><i class=\"x-icon x-graphic-child x-graphic-icon x-graphic-primary\" aria-hidden=\"true\" data-x-icon-s=\"&#xf1c1;\"><\/i><\/span><div class=\"x-anchor-text\"><span class=\"x-anchor-text-primary\">descargar<\/span><\/div><\/div><\/a><\/div><div class=\"x-col e21033-e19 mg89-q mg89-r mg89-t\"><div class=\"x-text x-text-headline has-graphic e21033-e20 mg89-y mg89-z mg89-12 mg89-14 mg89-15 mg89-16 mg89-17\"><div class=\"x-text-content\"><span class=\"x-graphic\" aria-hidden=\"true\"><i class=\"x-icon x-graphic-child x-graphic-icon x-graphic-primary\" aria-hidden=\"true\" data-x-icon-s=\"&#xf19c;\"><\/i><\/span><div class=\"x-text-content-text\"><h1 class=\"x-text-content-text-primary\">3 &ndash; Confirmaci&oacute;n y Pago<\/h1>\n<span class=\"x-text-content-text-subheadline\">Una vez aprobado tu ingreso, realiza el pago de matr\u00edcula y env\u00eda el comprobante a <a href=\"mailto:admisiones@stns.ec\">admisiones@stns.ec<\/a> y <a href=\"mailto:administracion@stns.ec\">administracion@stns.ec<\/a>.<\/span><\/div><\/div><\/div><\/div><div class=\"x-col e21033-e21 mg89-q mg89-r mg89-t\"><div class=\"x-text x-text-headline has-graphic e21033-e22 mg89-y mg89-z mg89-12 mg89-14 mg89-15 mg89-16 mg89-17\"><div class=\"x-text-content\"><span class=\"x-graphic\" aria-hidden=\"true\"><i class=\"x-icon x-graphic-child x-graphic-icon x-graphic-primary\" aria-hidden=\"true\" data-x-icon-s=\"&#xf549;\"><\/i><\/span><div class=\"x-text-content-text\"><h1 class=\"x-text-content-text-primary\">4 &ndash; Bienvenido al STNS<\/h1>\n<span class=\"x-text-content-text-subheadline\">Recibe la confirmaci&oacute;n de tu inscripci&oacute;n y prep&aacute;rate para iniciar tu formaci&oacute;n teol&oacute;gica. &iexcl;Te esperamos!<\/span><\/div><\/div><\/div><\/div><\/div><\/div><\/div><div class=\"x-section e21033-e23 mg89-0 mg89-2 mg89-3\"><div class=\"x-row x-container max width e21033-e24 mg89-5 mg89-8 mg89-a mg89-b mg89-c mg89-e mg89-i mg89-l\"><div class=\"x-row-inner\"><div class=\"x-col e21033-e25 mg89-q mg89-r mg89-s mg89-u mg89-v\"><div class=\"x-text x-text-headline e21033-e26 mg89-y mg89-z mg89-10 mg89-11 mg89-13 mg89-14 mg89-15 mg89-18\"><div class=\"x-text-content\"><div class=\"x-text-content-text\"><h1 class=\"x-text-content-text-primary\">Prospecto 2025<strong class=\"period-white\">.<\/strong><\/h1>\n<\/div><\/div><\/div><span class=\"x-image e21033-e27 mg89-1o\"><img decoding=\"async\" src=\"https:\/\/stns.ec\/new\/wp-content\/uploads\/2025\/02\/STNS-Prospecto-2025.png\" width=\"960\" height=\"540\" alt=\"Image\" loading=\"lazy\"><\/span><a class=\"x-anchor x-anchor-button has-graphic e21033-e28 mg89-1k mg89-1l mg89-1m\" tabindex=\"0\" href=\"https:\/\/drive.google.com\/file\/d\/1cLV6RJr6tUOgC8gX5M3HZhS1Lf7MBKp_\/view?usp=sharing\"><div class=\"x-anchor-content\"><span class=\"x-graphic\" aria-hidden=\"true\"><i class=\"x-icon x-graphic-child x-graphic-icon x-graphic-primary\" aria-hidden=\"true\" data-x-icon-s=\"&#xf02d;\"><\/i><\/span><div class=\"x-anchor-text\"><span class=\"x-anchor-text-primary\">Descargar<\/span><\/div><\/div><\/a><\/div><\/div><\/div><\/div><div class=\"x-section e21033-e29 mg89-0 mg89-1\"><div class=\"x-row x-container max width e21033-e30 mg89-5 mg89-7 mg89-8 mg89-9 mg89-g mg89-m\"><div class=\"x-row-inner\"><div class=\"x-col e21033-e31 mg89-q mg89-r mg89-s\"><hr class=\"x-line e21033-e32 mg89-x\"\/><\/div><div class=\"x-col e21033-e33 mg89-q mg89-r mg89-s\"><div class=\"x-text x-text-headline e21033-e34 mg89-y mg89-z mg89-10 mg89-11 mg89-12 mg89-13 mg89-14 mg89-15\"><div class=\"x-text-content\"><div class=\"x-text-content-text\"><h1 class=\"x-text-content-text-primary\">Requisitos<strong class=\"period-yellow\">.<\/strong><\/h1>\n<\/div><\/div><\/div><\/div><div class=\"x-col e21033-e35 mg89-q mg89-r mg89-s\"><hr class=\"x-line e21033-e36 mg89-x\"\/><\/div><\/div><\/div><div class=\"x-row x-container max width e21033-e37 mg89-5 mg89-a mg89-b mg89-e mg89-f mg89-n mg89-o\"><div class=\"x-row-inner\"><div class=\"x-col e21033-e38 mg89-q mg89-r mg89-s\"><div class=\"x-text x-text-headline e21033-e39 mg89-z mg89-10 mg89-11 mg89-15 mg89-17 mg89-19 mg89-1a mg89-1b\"><div class=\"x-text-content\"><div class=\"x-text-content-text\"><h1 class=\"x-text-content-text-primary\">Perfil de Ingreso<strong class=\"period-yellow\">.<\/strong><\/h1>\n<\/div><\/div><\/div><div class=\"x-text x-content e21033-e40 mg89-1g mg89-1i\"><p data-start=\"0\" data-end=\"355\">Estudiante con un llamado genuino al ministerio cristiano en las \u00e1reas Pastoral, Misional o Educacional, respaldado por una congregaci\u00f3n cristiana-evang\u00e9lica. Los aspirantes deben demostrar una vida cristiana \u00edntegra y compromiso con el servicio en la iglesia local o el campo misional. Seg\u00fan el nivel de estudio, se requiere formaci\u00f3n previa o experiencia ministerial.<\/p><\/div><div class=\"x-text x-text-headline e21033-e41 mg89-z mg89-10 mg89-11 mg89-15 mg89-17 mg89-19 mg89-1b mg89-1c\"><div class=\"x-text-content\"><div class=\"x-text-content-text\"><h1 class=\"x-text-content-text-primary\">Perfil de Egreso<strong class=\"period-yellow\">.<\/strong><\/h1>\n<\/div><\/div><\/div><div class=\"x-text x-content e21033-e42 mg89-1f mg89-1g\"><p data-start=\"37\" data-end=\"301\">Los egresados del Seminario Teol\u00f3gico Nazareno Sudamericano (STNS) ser\u00e1n l\u00edderes cristianos con una s\u00f3lida formaci\u00f3n teol\u00f3gica, identidad cristiana definida y habilidades para guiar congregaciones, desarrollar ministerios y evangelizar en diversos contextos.<\/p>\n<p data-start=\"303\" data-end=\"600\" data-is-last-node=\"\">Poseer\u00e1n un profundo conocimiento de las Escrituras, capacidad para el estudio teol\u00f3gico y habilidades de comunicaci\u00f3n para la ense\u00f1anza y predicaci\u00f3n. Estar\u00e1n preparados para formar nuevos l\u00edderes, estructurar programas de ense\u00f1anza b\u00edblica y servir con excelencia en la misi\u00f3n de Dios.<\/p><\/div><\/div><div class=\"x-col e21033-e43 mg89-q mg89-r mg89-s\"><div class=\"x-text x-text-headline e21033-e44 mg89-y mg89-z mg89-11 mg89-17 mg89-1b mg89-1d\"><div class=\"x-text-content\"><div class=\"x-text-content-text\"><h1 class=\"x-text-content-text-primary\">Documentos requeridos:<\/h1>\n<\/div><\/div><\/div><ul id=\"\" class=\"x-ul-icons\" style=\"font-size: 0.875em;\" ><li id=\"\" class=\"x-li-icon\" style=\"\" ><i class=\"x-icon-check\" aria-hidden=\"true\" style=\"\" data-x-icon-s=\"&#xf00c;\" ><\/i>Formulario de admisi\u00f3n.<\/li><li id=\"\" class=\"x-li-icon\" style=\"\" ><i class=\"x-icon-check\" aria-hidden=\"true\" style=\"\" data-x-icon-s=\"&#xf00c;\" ><\/i>Formulario de recomendaci\u00f3n pastoral o de l\u00edder ministerial.<\/li><li id=\"\" class=\"x-li-icon\" style=\"\" ><i class=\"x-icon-check\" aria-hidden=\"true\" style=\"\" data-x-icon-s=\"&#xf00c;\" ><\/i>Documento de identidad con fotograf\u00eda (copia a color).<\/li><li id=\"\" class=\"x-li-icon\" style=\"\" ><i class=\"x-icon-check\" aria-hidden=\"true\" style=\"\" data-x-icon-s=\"&#xf00c;\" ><\/i>T\u00edtulo del \u00faltimo nivel de estudios alcanzado.<\/li><li id=\"\" class=\"x-li-icon\" style=\"\" ><i class=\"x-icon-check\" aria-hidden=\"true\" style=\"\" data-x-icon-s=\"&#xf00c;\" ><\/i>Ser miembro activo de una congregaci\u00f3n cristiana evang\u00e9lica (m\u00ednimo 3 meses).<\/li><li id=\"\" class=\"x-li-icon\" style=\"\" ><i class=\"x-icon-check\" aria-hidden=\"true\" style=\"\" data-x-icon-s=\"&#xf00c;\" ><\/i>T\u00edtulo de estudios teol\u00f3gicos previos (para licenciatura y maestr\u00eda).<\/li><li id=\"\" class=\"x-li-icon\" style=\"\" ><i class=\"x-icon-check\" aria-hidden=\"true\" style=\"\" data-x-icon-s=\"&#xf00c;\" ><\/i>Ensayo \"Filosof\u00eda de Ministerio\" (solo para maestr\u00eda).<\/li><li id=\"\" class=\"x-li-icon\" style=\"\" ><i class=\"x-icon-check\" aria-hidden=\"true\" style=\"\" data-x-icon-s=\"&#xf00c;\" ><\/i>Comprobante de pago de matr\u00edcula anual.<\/li><\/ul><\/div><\/div><\/div><\/div><div class=\"x-section e21033-e54 mg89-0 mg89-2 mg89-4\"><div class=\"x-row x-container max width e21033-e55 mg89-5 mg89-a mg89-b mg89-e mg89-f mg89-n mg89-p\"><div class=\"x-row-inner\"><div class=\"x-col e21033-e56 mg89-r mg89-s mg89-w\"><div class=\"x-text x-text-headline e21033-e57 mg89-z mg89-10 mg89-11 mg89-18 mg89-19 mg89-1c mg89-1e\"><div class=\"x-text-content\"><div class=\"x-text-content-text\"><h1 class=\"x-text-content-text-primary\">Contacta al Departamento de Admisiones<strong class=\"period-yellow\">.<\/strong><\/h1>\n<\/div><\/div><\/div><ul id=\"\" class=\"x-ul-icons\" style=\"color: #fff; font-size: 1rem;\" ><li id=\"\" class=\"x-li-icon\" style=\"\" ><i class=\"x-icon-phone\" aria-hidden=\"true\" style=\"\" data-x-icon-s=\"&#xf095;\" ><\/i>WhatsApp: +593 98 326 6276<\/li><li id=\"\" class=\"x-li-icon\" style=\"\" ><i class=\"x-icon-envelope\" aria-hidden=\"true\" style=\"\" data-x-icon-s=\"&#xf0e0;\" ><\/i>Correo: admisiones@stns.ec<\/li><li id=\"\" class=\"x-li-icon\" style=\"\" ><i class=\"x-icon-location-dot\" aria-hidden=\"true\" style=\"\" data-x-icon-s=\"&#xf3c5;\" ><\/i>Avenida Diego V\u00e1squez de Cepeda N76-99 170302 Quito, Ecuador<\/li><\/ul><a class=\"x-anchor x-anchor-button has-graphic e21033-e62 mg89-1l mg89-1n\" tabindex=\"0\" href=\"https:\/\/stns.ec\/new\/admisiones\/\"><div class=\"x-anchor-content\"><span class=\"x-graphic\" aria-hidden=\"true\"><i class=\"x-icon x-graphic-child x-graphic-icon x-graphic-primary\" aria-hidden=\"true\" data-x-icon-s=\"&#xf14a;\"><\/i><\/span><div class=\"x-anchor-text\"><span class=\"x-anchor-text-primary\">Comienza tu Formaci&oacute;n Ministerial<\/span><\/div><\/div><\/a><\/div><\/div><\/div><\/div><\/div>\n","protected":false},"excerpt":{"rendered":"<p>Proceso de Admisi&oacute;n. Forma parte del Seminario Teol\u00f3gico Nazareno Sudamericano y prep\u00e1rate para un ministerio con impacto. Nuestros programas te ofrecen una educaci\u00f3n teol\u00f3gica s\u00f3lida y pr\u00e1ctica. \u00a1Inscr\u00edbete hoy y avanza en tu llamado!1 &ndash; Contacta al STNS Escr\u00edbenos a admisiones@stns.ec o al WhatsApp +593 98 326 6276 para recibir informaci\u00f3n detallada.Agenda una visita2 &ndash; Env&iacute;a tu solicitud Completa el &#8230; <a href=\"https:\/\/stns.ec\/new\/admisiones\/\" class=\"more-link\">Read More<\/a><\/p>\n","protected":false},"author":2,"featured_media":0,"parent":0,"menu_order":0,"comment_status":"closed","ping_status":"closed","template":"template-blank-4.php","meta":{"footnotes":""},"class_list":["post-21033","page","type-page","status-publish","hentry","no-post-thumbnail"],"_links":{"self":[{"href":"https:\/\/stns.ec\/new\/wp-json\/wp\/v2\/pages\/21033","targetHints":{"allow":["GET"]}}],"collection":[{"href":"https:\/\/stns.ec\/new\/wp-json\/wp\/v2\/pages"}],"about":[{"href":"https:\/\/stns.ec\/new\/wp-json\/wp\/v2\/types\/page"}],"author":[{"embeddable":true,"href":"https:\/\/stns.ec\/new\/wp-json\/wp\/v2\/users\/2"}],"replies":[{"embeddable":true,"href":"https:\/\/stns.ec\/new\/wp-json\/wp\/v2\/comments?post=21033"}],"version-history":[{"count":0,"href":"https:\/\/stns.ec\/new\/wp-json\/wp\/v2\/pages\/21033\/revisions"}],"wp:attachment":[{"href":"https:\/\/stns.ec\/new\/wp-json\/wp\/v2\/media?parent=21033"}],"curies":[{"name":"wp","href":"https:\/\/api.w.org\/{rel}","templated":true}]}}