{"id":21043,"date":"2025-01-21T14:24:22","date_gmt":"2025-01-21T19:24:22","guid":{"rendered":"https:\/\/stns.ec\/new\/?page_id=21043"},"modified":"2025-02-19T16:47:12","modified_gmt":"2025-02-19T21:47:12","slug":"politica-de-privacidad","status":"publish","type":"page","link":"https:\/\/stns.ec\/new\/politica-de-privacidad\/","title":{"rendered":"Pol\u00edtica de privacidad"},"content":{"rendered":"<div id=\"cs-content\" class=\"cs-content\"><div class=\"x-text x-content e21043-e1 mg8j-0\"><h3><strong>Pol\u00edtica de Privacidad del STNS<\/strong><\/h3>\n<p>En el <strong>Seminario Teol\u00f3gico Nazareno Sudamericano (STNS)<\/strong>, ubicado en Quito, Ecuador, respetamos su privacidad y protegemos sus datos personales en cumplimiento con la legislaci\u00f3n ecuatoriana.<\/p>\n\n<h4><strong>1. Recopilaci\u00f3n de Datos<\/strong><\/h4>\n<p>Solo recopilamos informaci\u00f3n personal (como nombre y correo electr\u00f3nico) cuando llena formularios de manera voluntaria en nuestro sitio web. Estos datos se usan \u00fanicamente para brindarte los servicios solicitados y no se comparten con terceros, salvo obligaci\u00f3n legal.<\/p>\n\n<h4><strong>2. Uso de Cookies<\/strong><\/h4>\n<p>Utilizamos cookies para personalizar tu experiencia y analizar el tr\u00e1fico del sitio. No recopilamos informaci\u00f3n personal identificable a trav\u00e9s de cookies. Puedes desactivarlas en la configuraci\u00f3n de tu navegador.<\/p>\n\n<h4><strong>3. Conservaci\u00f3n y Protecci\u00f3n<\/strong><\/h4>\n<p>Guardamos tus datos y comentarios solo el tiempo necesario para brindarte los servicios solicitados. Implementamos medidas de seguridad para proteger tu informaci\u00f3n, pero no podemos garantizar una seguridad absoluta frente a terceros.<\/p>\n\n<h4><strong>4. Tus Derechos<\/strong><\/h4>\n<p>Puedes acceder, actualizar o solicitar la eliminaci\u00f3n de tus datos en cualquier momento a trav\u00e9s del formulario de contacto disponible en nuestro sitio web.<\/p>\n\n<h4><strong>5. Contacto<\/strong><\/h4>\n<p>Si tienes preguntas sobre esta pol\u00edtica, cont\u00e1ctanos. Nuestro compromiso es garantizar un manejo transparente y seguro de tus datos.<\/p><\/div><\/div>\n","protected":false},"excerpt":{"rendered":"<p>Pol\u00edtica de Privacidad del STNS En el Seminario Teol\u00f3gico Nazareno Sudamericano (STNS), ubicado en Quito, Ecuador, respetamos su privacidad y protegemos sus datos personales en cumplimiento con la legislaci\u00f3n ecuatoriana. 1. Recopilaci\u00f3n de Datos Solo recopilamos informaci\u00f3n personal (como nombre y correo electr\u00f3nico) cuando llena formularios de manera voluntaria en nuestro sitio web. Estos datos se usan \u00fanicamente para brindarte &#8230; <a href=\"https:\/\/stns.ec\/new\/politica-de-privacidad\/\" class=\"more-link\">Read More<\/a><\/p>\n","protected":false},"author":2,"featured_media":0,"parent":0,"menu_order":0,"comment_status":"closed","ping_status":"closed","template":"template-blank-1.php","meta":{"footnotes":""},"class_list":["post-21043","page","type-page","status-publish","hentry","no-post-thumbnail"],"_links":{"self":[{"href":"https:\/\/stns.ec\/new\/wp-json\/wp\/v2\/pages\/21043","targetHints":{"allow":["GET"]}}],"collection":[{"href":"https:\/\/stns.ec\/new\/wp-json\/wp\/v2\/pages"}],"about":[{"href":"https:\/\/stns.ec\/new\/wp-json\/wp\/v2\/types\/page"}],"author":[{"embeddable":true,"href":"https:\/\/stns.ec\/new\/wp-json\/wp\/v2\/users\/2"}],"replies":[{"embeddable":true,"href":"https:\/\/stns.ec\/new\/wp-json\/wp\/v2\/comments?post=21043"}],"version-history":[{"count":0,"href":"https:\/\/stns.ec\/new\/wp-json\/wp\/v2\/pages\/21043\/revisions"}],"wp:attachment":[{"href":"https:\/\/stns.ec\/new\/wp-json\/wp\/v2\/media?parent=21043"}],"curies":[{"name":"wp","href":"https:\/\/api.w.org\/{rel}","templated":true}]}}