{"id":21241,"date":"2025-08-12T16:51:10","date_gmt":"2025-08-12T21:51:10","guid":{"rendered":"https:\/\/stns.ec\/new\/el-stns-2\/"},"modified":"2025-08-12T16:58:14","modified_gmt":"2025-08-12T21:58:14","slug":"declaracion-de-fe","status":"publish","type":"page","link":"https:\/\/stns.ec\/new\/el-stns\/declaracion-de-fe\/","title":{"rendered":"Declaraci\u00f3n de fe"},"content":{"rendered":"<div id=\"cs-content\" class=\"cs-content\"><div class=\"x-section e21241-e1 mge1-0 mge1-1 mge1-2\"><div class=\"x-bg\" aria-hidden=\"true\"><div class=\"x-bg-layer-lower-image\"><\/div><\/div><div class=\"x-row x-container max width e21241-e2 mge1-8 mge1-9 mge1-a mge1-b mge1-c mge1-j mge1-k\"><div class=\"x-row-inner\"><div class=\"x-col e21241-e3 mge1-r\"><hr class=\"x-line e21241-e4 mge1-t\"\/><\/div><\/div><\/div><\/div><div class=\"x-section e21241-e5 mge1-0 mge1-3 mge1-4 mge1-5\"><div class=\"x-bg\" aria-hidden=\"true\"><div class=\"x-bg-layer-lower-image\"><\/div><\/div><div class=\"x-row x-container max width e21241-e6 mge1-8 mge1-c mge1-d mge1-e mge1-l mge1-m\"><div class=\"x-row-inner\"><div class=\"x-col e21241-e7 mge1-r\"><hr class=\"x-line e21241-e8 mge1-u\"\/><\/div><div class=\"x-col e21241-e9 mge1-r\"><div class=\"x-text x-text-headline e21241-e10 mge1-v mge1-w mge1-x\"><div class=\"x-text-content\"><div class=\"x-text-content-text\"><h1 class=\"x-text-content-text-primary\">Declaraci\u00f3n de Fe<strong class=\"period-yellow\">.<\/strong><\/h1>\n<\/div><\/div><\/div><\/div><div class=\"x-col e21241-e11 mge1-r\"><hr class=\"x-line e21241-e12 mge1-u\"\/><\/div><\/div><\/div><div class=\"x-row x-container max width e21241-e13 mge1-8 mge1-9 mge1-a mge1-f mge1-n\"><div class=\"x-row-inner\"><div class=\"x-col e21241-e14 mge1-r\"><div class=\"x-text x-content e21241-e15 mge1-11\"><p><strong>Creemos:<\/strong><\/p>\n\n<ul>\n \t<li><span dir=\"ltr\" role=\"presentation\">En un solo Dios: el Padre, el Hijo y el Esp\u00edritu Santo.<\/span><\/li>\n \t<li><span dir=\"ltr\" role=\"presentation\">Que las Escrituras del Antiguo y Nuevo Testamentos, da<\/span><span dir=\"ltr\" role=\"presentation\">das por inspiraci\u00f3n plenaria, contienen toda la verdad necesaria <\/span><span dir=\"ltr\" role=\"presentation\">para la fe y la vida cristiana<\/span><\/li>\n \t<li><span dir=\"ltr\" role=\"presentation\">Que el ser humano nace con una naturaleza ca\u00edda y, por <\/span><span dir=\"ltr\" role=\"presentation\">tanto, est\u00e1 inclinado al mal, y esto de continuo.<\/span><\/li>\n \t<li><span dir=\"ltr\" role=\"presentation\">Que los que permanecen impenitentes hasta el fin est\u00e1n <\/span><span dir=\"ltr\" role=\"presentation\">perdidos eternamente y sin esperanza.<\/span><\/li>\n \t<li><span dir=\"ltr\" role=\"presentation\">Que la expiaci\u00f3n por medio de Jesucristo es para toda <\/span><span dir=\"ltr\" role=\"presentation\">la raza humana; y que todo aquel que se arrepiente y cree en el <\/span><span dir=\"ltr\" role=\"presentation\">Se\u00f1or Jesucristo es justificado, regenerado y salvado del dominio <\/span><span dir=\"ltr\" role=\"presentation\">del pecado.<\/span><\/li>\n \t<li><span dir=\"ltr\" role=\"presentation\">Que los creyentes deben ser enteramente santificados, <\/span><span dir=\"ltr\" role=\"presentation\">subsecuentemente a la regeneraci\u00f3n, mediante la fe en el Se\u00f1or <\/span><span dir=\"ltr\" role=\"presentation\">Jesucristo.<\/span><\/li>\n \t<li><span dir=\"ltr\" role=\"presentation\">Que el Esp\u00edritu Santo da testimonio del nuevo nacimiento <\/span><span dir=\"ltr\" role=\"presentation\">y tambi\u00e9n de la entera santificaci\u00f3n de los creyentes.<\/span><\/li>\n \t<li><span dir=\"ltr\" role=\"presentation\">Que nuestro Se\u00f1or volver\u00e1, que los muertos resucitar\u00e1n y <\/span><span dir=\"ltr\" role=\"presentation\">que se llevar\u00e1 a cabo el juicio final.<\/span><\/li>\n<\/ul><\/div><\/div><\/div><\/div><\/div><div class=\"x-section e21241-e16 mge1-0 mge1-2 mge1-3 mge1-6\"><div class=\"x-bg\" aria-hidden=\"true\"><div class=\"x-bg-layer-lower-image\"><\/div><\/div><div class=\"x-row x-container max width e21241-e17 mge1-8 mge1-c mge1-e mge1-g mge1-l mge1-o\"><div class=\"x-row-inner\"><div class=\"x-col e21241-e18 mge1-r\"><hr class=\"x-line e21241-e19 mge1-u\"\/><\/div><div class=\"x-col e21241-e20 mge1-r\"><div class=\"x-text x-text-headline e21241-e21 mge1-v mge1-y mge1-z\"><div class=\"x-text-content\"><div class=\"x-text-content-text\"><h1 class=\"x-text-content-text-primary\">Facultad, ETED &amp; Staff<strong class=\"period-yellow\">.<\/strong><\/h1>\n<\/div><\/div><\/div><\/div><div class=\"x-col e21241-e22 mge1-r\"><hr class=\"x-line e21241-e23 mge1-u\"\/><\/div><\/div><\/div><div class=\"x-row x-container max width e21241-e24 mge1-8 mge1-a mge1-c mge1-h mge1-p\"><div class=\"x-row-inner\"><div class=\"x-col e21241-e25 mge1-r\"><div class=\"x-counter e21241-e26 mge1-12\" data-x-element-counter=\"{&quot;to&quot;:&quot;183&quot;,&quot;speed&quot;:&quot;1.5s&quot;,&quot;commaSeparatedDecimal&quot;:false}\"><div class=\"x-counter-number-wrap\"><span class=\"x-counter-number-prefix\"><i&nbsp;class=\"x-icon-group\"&nbsp;data-x-icon-s=\"\uf0c0\"><\/i>&nbsp;<\/span><span class=\"x-counter-number\">0<\/span><\/div><div class=\"x-counter-after\">Profesores<\/div><\/div><\/div><div class=\"x-col e21241-e27 mge1-r\"><div class=\"x-counter e21241-e28 mge1-12\" data-x-element-counter=\"{&quot;to&quot;:&quot;19&quot;,&quot;speed&quot;:&quot;1.5s&quot;,&quot;commaSeparatedDecimal&quot;:false}\"><div class=\"x-counter-number-wrap\"><span class=\"x-counter-number-prefix\"><i&nbsp;class=\"x-icon-paperclip\"&nbsp;data-x-icon-s=\"\uf0c6\"><\/i>&nbsp;<\/span><span class=\"x-counter-number\">0<\/span><\/div><div class=\"x-counter-after\">Coordinadores de ETED<\/div><\/div><\/div><div class=\"x-col e21241-e29 mge1-r\"><div class=\"x-counter e21241-e30 mge1-12\" data-x-element-counter=\"{&quot;to&quot;:&quot;6&quot;,&quot;speed&quot;:&quot;1.5s&quot;,&quot;commaSeparatedDecimal&quot;:false}\"><div class=\"x-counter-number-wrap\"><span class=\"x-counter-number-prefix\"><i&nbsp;class=\"x-icon-comments-o\"&nbsp;data-x-icon-o=\"\uf075\"><\/i>&nbsp;<\/span><span class=\"x-counter-number\">0<\/span><\/div><div class=\"x-counter-after\">Staff<\/div><\/div><\/div><\/div><\/div><\/div><div class=\"x-section e21241-e31 mge1-0 mge1-3 mge1-5 mge1-7\"><div class=\"x-bg\" aria-hidden=\"true\"><div class=\"x-bg-layer-lower-image\"><\/div><\/div><div class=\"x-row e21241-e32 mge1-8 mge1-9 mge1-a mge1-b mge1-c mge1-i mge1-j mge1-q\"><div class=\"x-row-inner\"><div class=\"x-col e21241-e33 mge1-r mge1-s\"><div class=\"x-text x-text-headline e21241-e34 mge1-v mge1-w mge1-z mge1-10\"><div class=\"x-text-content\"><div class=\"x-text-content-text\"><h1 class=\"x-text-content-text-primary\">Aplica ahora<strong class=\"period-yellow\">.<\/strong><\/h1>\n<\/div><\/div><\/div><a class=\"x-anchor x-anchor-button has-graphic e21241-e35 mge1-13\" tabindex=\"0\" href=\"https:\/\/stns.ec\/new\/admisiones\/\"><div class=\"x-anchor-content\"><span class=\"x-graphic\" aria-hidden=\"true\"><i class=\"x-icon x-graphic-child x-graphic-icon x-graphic-primary\" aria-hidden=\"true\" data-x-icon-o=\"&#xf14a;\"><\/i><\/span><div class=\"x-anchor-text\"><span class=\"x-anchor-text-primary\">Comienza tu Formaci\u00f3n Ministerial<\/span><\/div><\/div><\/a><\/div><\/div><\/div><\/div><\/div>\n","protected":false},"excerpt":{"rendered":"<p>Declaraci\u00f3n de Fe. Creemos: En un solo Dios: el Padre, el Hijo y el Esp\u00edritu Santo. Que las Escrituras del Antiguo y Nuevo Testamentos, dadas por inspiraci\u00f3n plenaria, contienen toda la verdad necesaria para la fe y la vida cristiana Que el ser humano nace con una naturaleza ca\u00edda y, por tanto, est\u00e1 inclinado al mal, y esto de continuo. &#8230; <a href=\"https:\/\/stns.ec\/new\/el-stns\/declaracion-de-fe\/\" class=\"more-link\">Read More<\/a><\/p>\n","protected":false},"author":2,"featured_media":0,"parent":21032,"menu_order":0,"comment_status":"closed","ping_status":"closed","template":"template-blank-4.php","meta":{"footnotes":""},"class_list":["post-21241","page","type-page","status-publish","hentry","no-post-thumbnail"],"_links":{"self":[{"href":"https:\/\/stns.ec\/new\/wp-json\/wp\/v2\/pages\/21241","targetHints":{"allow":["GET"]}}],"collection":[{"href":"https:\/\/stns.ec\/new\/wp-json\/wp\/v2\/pages"}],"about":[{"href":"https:\/\/stns.ec\/new\/wp-json\/wp\/v2\/types\/page"}],"author":[{"embeddable":true,"href":"https:\/\/stns.ec\/new\/wp-json\/wp\/v2\/users\/2"}],"replies":[{"embeddable":true,"href":"https:\/\/stns.ec\/new\/wp-json\/wp\/v2\/comments?post=21241"}],"version-history":[{"count":0,"href":"https:\/\/stns.ec\/new\/wp-json\/wp\/v2\/pages\/21241\/revisions"}],"up":[{"embeddable":true,"href":"https:\/\/stns.ec\/new\/wp-json\/wp\/v2\/pages\/21032"}],"wp:attachment":[{"href":"https:\/\/stns.ec\/new\/wp-json\/wp\/v2\/media?parent=21241"}],"curies":[{"name":"wp","href":"https:\/\/api.w.org\/{rel}","templated":true}]}}